{"id":94,"date":"2023-02-23T15:51:10","date_gmt":"2023-02-23T15:51:10","guid":{"rendered":"https:\/\/agroforestryalliance.com\/?page_id=94"},"modified":"2023-02-23T17:06:14","modified_gmt":"2023-02-23T17:06:14","slug":"a-propos","status":"publish","type":"page","link":"https:\/\/agroforestryalliance.com\/index.php\/a-propos\/","title":{"rendered":"A propos"},"content":{"rendered":"\n<p>L\u2019<strong>ONG-AGROFA <\/strong>regroupe des sp\u00e9cialistes et professionnels des domaines de la biologie, l\u2019agronomie, la sociologie, l\u2019\u00e9conomie, la sant\u00e9 \u2026etc. dont les r\u00e9sultats de recherche et actions \u00e0 travers l\u2019application de pratiques agroforesti\u00e8res concourent \u00e0 fournir des solutions pour am\u00e9liorer la conservation de la biodiversit\u00e9 et la production agricole, et par cons\u00e9quent une s\u00e9curit\u00e9 alimentaire et un bien-\u00eatre social aux populations ivoiriennes,<\/p>\n","protected":false},"excerpt":{"rendered":"<p>L\u2019ONG-AGROFA regroupe des sp\u00e9cialistes et professionnels des domaines de la biologie, l\u2019agronomie, la sociologie, l\u2019\u00e9conomie, la sant\u00e9 \u2026etc. dont les r\u00e9sultats de recherche et actions \u00e0 travers l\u2019application de pratiques agroforesti\u00e8res concourent \u00e0 fournir des solutions pour am\u00e9liorer la conservation de la biodiversit\u00e9 et la production agricole, et par cons\u00e9quent une s\u00e9curit\u00e9 alimentaire et un&#8230;<\/p>\n","protected":false},"author":1,"featured_media":0,"parent":0,"menu_order":0,"comment_status":"closed","ping_status":"closed","template":"","meta":{"footnotes":""},"class_list":["post-94","page","type-page","status-publish","hentry"],"_links":{"self":[{"href":"https:\/\/agroforestryalliance.com\/index.php\/wp-json\/wp\/v2\/pages\/94","targetHints":{"allow":["GET"]}}],"collection":[{"href":"https:\/\/agroforestryalliance.com\/index.php\/wp-json\/wp\/v2\/pages"}],"about":[{"href":"https:\/\/agroforestryalliance.com\/index.php\/wp-json\/wp\/v2\/types\/page"}],"author":[{"embeddable":true,"href":"https:\/\/agroforestryalliance.com\/index.php\/wp-json\/wp\/v2\/users\/1"}],"replies":[{"embeddable":true,"href":"https:\/\/agroforestryalliance.com\/index.php\/wp-json\/wp\/v2\/comments?post=94"}],"version-history":[{"count":2,"href":"https:\/\/agroforestryalliance.com\/index.php\/wp-json\/wp\/v2\/pages\/94\/revisions"}],"predecessor-version":[{"id":111,"href":"https:\/\/agroforestryalliance.com\/index.php\/wp-json\/wp\/v2\/pages\/94\/revisions\/111"}],"wp:attachment":[{"href":"https:\/\/agroforestryalliance.com\/index.php\/wp-json\/wp\/v2\/media?parent=94"}],"curies":[{"name":"wp","href":"https:\/\/api.w.org\/{rel}","templated":true}]}}