{"id":48,"date":"2023-02-21T15:19:30","date_gmt":"2023-02-21T15:19:30","guid":{"rendered":"https:\/\/agroforestryalliance.com\/?page_id=48"},"modified":"2023-02-21T15:19:30","modified_gmt":"2023-02-21T15:19:30","slug":"ong-agrofa","status":"publish","type":"page","link":"https:\/\/agroforestryalliance.com\/index.php\/ong-agrofa\/","title":{"rendered":"<strong>ONG-AGROFA<\/strong>"},"content":{"rendered":"\n<p>L<strong>\u2019ONG-AGROFA \u00ab&nbsp;Agroforestry Alliance&nbsp;\u00bb<\/strong> est une Association Non Gouvernementale, \u00e0 but non lucratif, cr\u00e9\u00e9e pour aider \u00e0 am\u00e9liorer la production agricole des terres urbaines et rurales, tout en pr\u00e9servant la biodiversit\u00e9 en C\u00f4te d\u2019Ivoire. \u00ab&nbsp;<strong>Agroforestry Alliance<\/strong>&nbsp;\u00bb propose des solutions fond\u00e9es sur la recherche scientifique qui transforment durablement les syst\u00e8mes de production. L&rsquo;agroforesterie est un mode d&rsquo;utilisation des terres o\u00f9 des arbres sont d\u00e9lib\u00e9r\u00e9ment associ\u00e9s aux cultures ou \u00e0 la production animale pour former une m\u00eame unit\u00e9. L&rsquo;interaction biologique et physique entre les cultures et l&rsquo;\u00e9levage est modifi\u00e9e pour am\u00e9liorer la production agricole des terres.&nbsp;<\/p>\n\n\n\n<p>Une baisse actuelle de la productivit\u00e9 des cultures serait la cons\u00e9quence de la d\u00e9gradation de plus en plus accentu\u00e9e de l\u2019environnement agricole. En effet, l\u2019application de techniques de culture inappropri\u00e9es (les d\u00e9frichements non s\u00e9lectif, utilisation abusive de pesticides et d\u2019intrants chimiques, l\u2019absence de p\u00e9riode de jach\u00e8re, le non-respect des recommandations agricoles\u2026etc.) est \u00e0 l\u2019origine de nombreuses difficult\u00e9s telles que la d\u00e9gradation des conditions p\u00e9doclimatiques, l\u2019insuffisance des terres, l\u2019accentuation des effets du changement climatique, la prolif\u00e9ration des infestations\u2026etc. La diminution subs\u00e9quente de la production agricole est une menace sur la pr\u00e9servation de la biodiversit\u00e9 et la s\u00e9curit\u00e9 alimentaire des populations locales.<\/p>\n\n\n\n<p>L\u2019<strong>ONG-AGROFA <\/strong>regroupe des sp\u00e9cialistes et professionnels des domaines de la biologie, l\u2019agronomie, la sociologie, l\u2019\u00e9conomie, la sant\u00e9 \u2026etc. dont les r\u00e9sultats de recherche et actions \u00e0 travers l\u2019application de pratiques agroforesti\u00e8res concourent \u00e0 fournir des solutions pour am\u00e9liorer la conservation de la biodiversit\u00e9 et la production agricole, et par cons\u00e9quent une s\u00e9curit\u00e9 alimentaire et un bien-\u00eatre social aux populations ivoiriennes,<\/p>\n\n\n\n<p>L\u2019<strong>ONG-AGROFA <\/strong>se donne ainsi comme objectif global, de produire et de vulgariser des solutions agroforesti\u00e8res d\u2019am\u00e9lioration de la production agricole et de conservation de la biodiversit\u00e9, \u00e0 travers des actions de d\u00e9veloppement agricole, de formation et d\u2019\u00e9ducation \u00e0 l\u2019agroforesterie, aupr\u00e8s des populations urbaines et rurales.<\/p>\n\n\n\n<p>L\u2019<strong>ONG-AGROFA <\/strong>constitue ainsi, un partenaire efficace de l\u2019action des gouvernants et des organisations nationales et internationales, pour une production agricole durable en C\u00f4te d\u2019Ivoire.<\/p>\n","protected":false},"excerpt":{"rendered":"<p>L\u2019ONG-AGROFA \u00ab&nbsp;Agroforestry Alliance&nbsp;\u00bb est une Association Non Gouvernementale, \u00e0 but non lucratif, cr\u00e9\u00e9e pour aider \u00e0 am\u00e9liorer la production agricole des terres urbaines et rurales, tout en pr\u00e9servant la biodiversit\u00e9 en C\u00f4te d\u2019Ivoire. \u00ab&nbsp;Agroforestry Alliance&nbsp;\u00bb propose des solutions fond\u00e9es sur la recherche scientifique qui transforment durablement les syst\u00e8mes de production. L&rsquo;agroforesterie est un mode d&rsquo;utilisation&#8230;<\/p>\n","protected":false},"author":1,"featured_media":0,"parent":0,"menu_order":0,"comment_status":"closed","ping_status":"closed","template":"","meta":{"footnotes":""},"class_list":["post-48","page","type-page","status-publish","hentry"],"_links":{"self":[{"href":"https:\/\/agroforestryalliance.com\/index.php\/wp-json\/wp\/v2\/pages\/48","targetHints":{"allow":["GET"]}}],"collection":[{"href":"https:\/\/agroforestryalliance.com\/index.php\/wp-json\/wp\/v2\/pages"}],"about":[{"href":"https:\/\/agroforestryalliance.com\/index.php\/wp-json\/wp\/v2\/types\/page"}],"author":[{"embeddable":true,"href":"https:\/\/agroforestryalliance.com\/index.php\/wp-json\/wp\/v2\/users\/1"}],"replies":[{"embeddable":true,"href":"https:\/\/agroforestryalliance.com\/index.php\/wp-json\/wp\/v2\/comments?post=48"}],"version-history":[{"count":1,"href":"https:\/\/agroforestryalliance.com\/index.php\/wp-json\/wp\/v2\/pages\/48\/revisions"}],"predecessor-version":[{"id":49,"href":"https:\/\/agroforestryalliance.com\/index.php\/wp-json\/wp\/v2\/pages\/48\/revisions\/49"}],"wp:attachment":[{"href":"https:\/\/agroforestryalliance.com\/index.php\/wp-json\/wp\/v2\/media?parent=48"}],"curies":[{"name":"wp","href":"https:\/\/api.w.org\/{rel}","templated":true}]}}