{"id":195,"date":"2023-03-20T15:36:52","date_gmt":"2023-03-20T15:36:52","guid":{"rendered":"https:\/\/agroforestryalliance.com\/?page_id=195"},"modified":"2026-04-24T15:28:08","modified_gmt":"2026-04-24T15:28:08","slug":"actualite-grida","status":"publish","type":"page","link":"https:\/\/agroforestryalliance.com\/index.php\/actualite-grida\/","title":{"rendered":"Actualit\u00e9s"},"content":{"rendered":"\n<p class=\"has-text-align-center has-vivid-red-color has-white-background-color has-text-color has-background has-link-color wp-elements-e2bd629bec4c5f4352e900150274a3fc\" style=\"font-size:27px\"><strong>SEMINAIRE AGROPLUS &#8211; GRI<\/strong>DA<\/p>\n\n\n\n<p><p class=\"MsoNormal\" style=\"text-align:justify;text-indent:35.4pt\"><span style=\"font-size: revert; color: initial;\">Vendredi 11 Avril 2025, s\u2019est tenu un s\u00e9minaire au cabinet Agroplus en collaboration avec GRIDA, sur le Th\u00e8me\u00a0: <\/span><strong style=\"font-size: revert; color: initial;\">Implication de Agrolus et GRIDA dans l\u2019impl\u00e9mentation de la norme ARS 1000.<\/strong><\/p><\/p>\n\n\n\n<p>Ce s\u00e9minaire \u00e0 r\u00e9unit au tour d\u2019une m\u00eame table les experts universitaires en charge des questions agroforesti\u00e8res et les coop\u00e9ratives. Les \u00e9changes entre les experts et les coop\u00e9ratives se sont d\u00e9roul\u00e9s dans un environnement convivial<\/p>\n\n\n\n<figure class=\"wp-block-image size-large\"><img loading=\"lazy\" decoding=\"async\" width=\"1024\" height=\"461\" src=\"https:\/\/agroforestryalliance.com\/wp-content\/uploads\/2025\/04\/grida-3-1024x461.jpg\" alt=\"\" class=\"wp-image-285\" srcset=\"https:\/\/agroforestryalliance.com\/wp-content\/uploads\/2025\/04\/grida-3-1024x461.jpg 1024w, https:\/\/agroforestryalliance.com\/wp-content\/uploads\/2025\/04\/grida-3-300x135.jpg 300w, https:\/\/agroforestryalliance.com\/wp-content\/uploads\/2025\/04\/grida-3-768x346.jpg 768w, https:\/\/agroforestryalliance.com\/wp-content\/uploads\/2025\/04\/grida-3-1536x691.jpg 1536w, https:\/\/agroforestryalliance.com\/wp-content\/uploads\/2025\/04\/grida-3-2048x922.jpg 2048w\" sizes=\"auto, (max-width: 1024px) 100vw, 1024px\" \/><figcaption class=\"wp-element-caption\">Photo de famille.                                                                                                                                          <em>CA<\/em><\/figcaption><\/figure>\n\n\n\n<p><\/p>\n\n\n\n<p><\/p>\n\n\n\n<p><\/p>\n\n\n\n<p><\/p>\n\n\n\n<p>ANACAO Workshop (1st edition) REFLECTION DAY ON SUSTAINABLE PRODUCTION TOOLS FOR ANACARDE AND CACAO THEME: What contribution of GRIDA to the performance and resilience of production systems? Date: Saturday 18 March 2023 Location: Cabinet AgroPlus headquarters, Daloa, C\u00f4te d&rsquo;Ivoire Contacts: Dr Koulibaly Annick Victoire, Senior Lecturer. Tel :&#8230;<br><br>More about : The ANACAO Workshop (1st edition) DAY OF REFLECTION ON SUSTAINABLE PRODUCTION TOOLS FOR ANACARDA AND CACAO THEME : What contribution of GRIDA to the performance and resilience of production systems ? Date: Saturday 18 March 2023 Location: Cabinet AgroPlus headquarters, Daloa, C\u00f4te d&rsquo;Ivoire.<br><br><\/p>\n","protected":false},"excerpt":{"rendered":"<p>SEMINAIRE AGROPLUS &#8211; GRIDA Vendredi 11 Avril 2025, s\u2019est tenu un s\u00e9minaire au cabinet Agroplus en collaboration avec GRIDA, sur le Th\u00e8me\u00a0: Implication de Agrolus et GRIDA dans l\u2019impl\u00e9mentation de la norme ARS 1000. Ce s\u00e9minaire \u00e0 r\u00e9unit au tour d\u2019une m\u00eame table les experts universitaires en charge des questions agroforesti\u00e8res et les coop\u00e9ratives. Les&#8230;<\/p>\n","protected":false},"author":1,"featured_media":0,"parent":0,"menu_order":0,"comment_status":"closed","ping_status":"closed","template":"","meta":{"footnotes":""},"class_list":["post-195","page","type-page","status-publish","hentry"],"_links":{"self":[{"href":"https:\/\/agroforestryalliance.com\/index.php\/wp-json\/wp\/v2\/pages\/195","targetHints":{"allow":["GET"]}}],"collection":[{"href":"https:\/\/agroforestryalliance.com\/index.php\/wp-json\/wp\/v2\/pages"}],"about":[{"href":"https:\/\/agroforestryalliance.com\/index.php\/wp-json\/wp\/v2\/types\/page"}],"author":[{"embeddable":true,"href":"https:\/\/agroforestryalliance.com\/index.php\/wp-json\/wp\/v2\/users\/1"}],"replies":[{"embeddable":true,"href":"https:\/\/agroforestryalliance.com\/index.php\/wp-json\/wp\/v2\/comments?post=195"}],"version-history":[{"count":7,"href":"https:\/\/agroforestryalliance.com\/index.php\/wp-json\/wp\/v2\/pages\/195\/revisions"}],"predecessor-version":[{"id":307,"href":"https:\/\/agroforestryalliance.com\/index.php\/wp-json\/wp\/v2\/pages\/195\/revisions\/307"}],"wp:attachment":[{"href":"https:\/\/agroforestryalliance.com\/index.php\/wp-json\/wp\/v2\/media?parent=195"}],"curies":[{"name":"wp","href":"https:\/\/api.w.org\/{rel}","templated":true}]}}