{"id":106,"date":"2023-02-23T16:42:01","date_gmt":"2023-02-23T16:42:01","guid":{"rendered":"https:\/\/agroforestryalliance.com\/?page_id=106"},"modified":"2023-05-11T18:39:56","modified_gmt":"2023-05-11T18:39:56","slug":"presentation","status":"publish","type":"page","link":"https:\/\/agroforestryalliance.com\/index.php\/presentation\/","title":{"rendered":"Pr\u00e9sentation"},"content":{"rendered":"\n<p><strong>PRESENTATION<\/strong><\/p>\n\n\n\n<p>Le <strong>G<\/strong>roupe de <strong>R<\/strong>echerche <strong>I<\/strong>nter <strong>D<\/strong>isciplinaire en <strong>A<\/strong>groforesterie en abr\u00e9g\u00e9 \u00ab&nbsp;<strong>GRIDA<\/strong>\u00bb est une \u00e9quipe de recherche constitu\u00e9e d\u2019Enseignants-chercheurs et de Chercheurs, sp\u00e9cialistes de divers disciplines et d\u00e9sireux de contribuer \u00e0 la promotion de l\u2019agroforesterie et \u00e0 l\u2019optimisation des syst\u00e8mes agroforestiers en C\u00f4te d\u2019Ivoire, en Afrique et dans le monde.<\/p>\n\n\n\n<p><strong>CONTEXTE ET JUSTIFICATION<\/strong><\/p>\n\n\n\n<p class=\"has-text-align-left\">La C\u00f4te d\u2019Ivoire, pays essentiellement agricole, doit satisfaire les besoins d\u2019une population en constante augmentation et r\u00e9duire les impacts n\u00e9gatifs sur l\u2019environnement afin de pr\u00e9server les ressources naturelles pour les g\u00e9n\u00e9rations futures. Le d\u00e9fi d\u2019une agriculture durable en termes \u00e9conomiques et environnementaux, mais aussi plus productive, n\u00e9cessite de mettre au point des syst\u00e8mes de culture performants. L\u2019agroforesterie, qui consiste \u00e0 associer des arbres et\/ou des animaux dans les cultures et les p\u00e2tures, est d\u00e9sormais reconnue pour freiner la d\u00e9forestation et la d\u00e9sertification des syst\u00e8mes \u00e9cologiques. Elle permet ainsi de prot\u00e9ger les sols, de r\u00e9pondre aux enjeux du changement climatique et de contribuer \u00e0 la s\u00e9curit\u00e9 alimentaire.<\/p>\n\n\n\n<p class=\"has-text-align-left\">Consid\u00e9rant les comp\u00e9tences acquises dans le domaine du d\u00e9veloppement agricole, l\u2019importance de l\u2019agriculture pour le d\u00e9veloppement des pays d\u2019Afrique, la diminution progressive de la productivit\u00e9 des cultures dans un contexte de changement climatique et de d\u00e9gradation de l\u2019environnement agricole en Afrique, l\u2019importance des programmes pour l\u2019atteinte d\u2019une s\u00e9curit\u00e9 alimentaire et la diminution de la pauvret\u00e9 chez les populations surtout rurales et conform\u00e9ment aux dispositions l\u00e9gales en vigueur, Nous, chercheurs, universitaires, agronomes, acteurs du d\u00e9veloppement rural, d\u00e9cidons de nous constituer en <strong>Groupe de recherche <\/strong>pour apporter notre contribution aux actions de promotion de l\u2019agroforesterie r\u00e9aliser par les gouvernements, les organisations nationales et internationales, pour le d\u00e9veloppement durable en Afrique.<\/p>\n\n\n\n<p class=\"has-text-align-left\"><\/p>\n\n\n\n<p><br><br><\/p>\n","protected":false},"excerpt":{"rendered":"<p>PRESENTATION Le Groupe de Recherche Inter Disciplinaire en Agroforesterie en abr\u00e9g\u00e9 \u00ab&nbsp;GRIDA\u00bb est une \u00e9quipe de recherche constitu\u00e9e d\u2019Enseignants-chercheurs et de Chercheurs, sp\u00e9cialistes de divers disciplines et d\u00e9sireux de contribuer \u00e0 la promotion de l\u2019agroforesterie et \u00e0 l\u2019optimisation des syst\u00e8mes agroforestiers en C\u00f4te d\u2019Ivoire, en Afrique et dans le monde. CONTEXTE ET JUSTIFICATION La C\u00f4te&#8230;<\/p>\n","protected":false},"author":1,"featured_media":0,"parent":0,"menu_order":0,"comment_status":"closed","ping_status":"closed","template":"","meta":{"footnotes":""},"class_list":["post-106","page","type-page","status-publish","hentry"],"_links":{"self":[{"href":"https:\/\/agroforestryalliance.com\/index.php\/wp-json\/wp\/v2\/pages\/106","targetHints":{"allow":["GET"]}}],"collection":[{"href":"https:\/\/agroforestryalliance.com\/index.php\/wp-json\/wp\/v2\/pages"}],"about":[{"href":"https:\/\/agroforestryalliance.com\/index.php\/wp-json\/wp\/v2\/types\/page"}],"author":[{"embeddable":true,"href":"https:\/\/agroforestryalliance.com\/index.php\/wp-json\/wp\/v2\/users\/1"}],"replies":[{"embeddable":true,"href":"https:\/\/agroforestryalliance.com\/index.php\/wp-json\/wp\/v2\/comments?post=106"}],"version-history":[{"count":6,"href":"https:\/\/agroforestryalliance.com\/index.php\/wp-json\/wp\/v2\/pages\/106\/revisions"}],"predecessor-version":[{"id":224,"href":"https:\/\/agroforestryalliance.com\/index.php\/wp-json\/wp\/v2\/pages\/106\/revisions\/224"}],"wp:attachment":[{"href":"https:\/\/agroforestryalliance.com\/index.php\/wp-json\/wp\/v2\/media?parent=106"}],"curies":[{"name":"wp","href":"https:\/\/api.w.org\/{rel}","templated":true}]}}